{"id":981,"date":"2025-08-16T16:06:40","date_gmt":"2025-08-16T13:06:40","guid":{"rendered":"https:\/\/nursanmakina.com.tr\/?page_id=981"},"modified":"2025-08-25T11:34:01","modified_gmt":"2025-08-25T08:34:01","slug":"cerez-kullanimi-ve-gizlilik-politikamiz","status":"publish","type":"page","link":"https:\/\/www.nursanmakina.com.tr\/en\/cerez-kullanimi-ve-gizlilik-politikamiz\/","title":{"rendered":"\u00c7erez ve Gizlilik Politikam\u0131z"},"content":{"rendered":"<div class=\"wpb-content-wrapper\"><div      class=\"vc_row wpb_row section vc_row-fluid  vc_custom_1755349575347 grid_section\" style=' padding-top:30px; padding-bottom:50px; text-align:left;'><div class=\"section_inner clearfix\"><div class='section_inner_margin clearfix'><div class=\"wpb_column vc_column_container vc_col-sm-12\"><div class=\"vc_column-inner\"><div class=\"wpb_wrapper\">\n\t<div class=\"wpb_text_column wpb_content_element\">\n\t\t<div class=\"wpb_wrapper\">\n\t\t\t<p><strong>GENEL<\/strong><\/p>\n<p>Bu site \u201cNursan Di\u015fli\u201d \u015firketine (bundan b\u00f6yle \u201cNursan Di\u015fli\u201d olarak an\u0131lacak) ait olup, ayn\u0131 \u015firket taraf\u0131ndan y\u00f6netilmektedir. Site sunucusunda bar\u0131nd\u0131r\u0131lan ve\/veya sayfada yay\u0131nlanan projelere ait a\u00e7\u0131klama, foto\u011fraf, \u00e7izim, 3B modelleme, detay g\u00f6r\u00fcn\u00fcm, imalat ve imalat detay\u0131, video ve sunumlar dahil olmak \u00fczere t\u00fcm yaz\u0131l\u0131 ve g\u00f6rsel materyaller (bundan b\u00f6yle \u201cmateryaller\u201d olarak an\u0131lacak), uluslararas\u0131 telif haklar\u0131 ve ticari marka kanunlar\u0131 taraf\u0131ndan korunmaktad\u0131r.<\/p>\n<p>&nbsp;<\/p>\n<p>Kod ve yaz\u0131l\u0131m da dahil olmak \u00fczere, bu sitedeki hi\u00e7 bir materyal de\u011fi\u015ftirilemez, kopyalanamaz, \u00e7o\u011falt\u0131lamaz, yeniden yay\u0131mlanamaz. Telif ve m\u00fclkiyet haklar\u0131 sakl\u0131 kalmak ko\u015fuluyla, ki\u015fisel ve ticari olmayan kullan\u0131m ama\u00e7lar\u0131yla bu sitenin olanaklar\u0131ndan yararlan\u0131labilir. Sitenin i\u00e7erdi\u011fi materyalleri yerel ve\/veya uluslararas\u0131 telif haklar\u0131 ve ticari materyalle ilgili kanun ve y\u00f6netmeliklere ayk\u0131r\u0131 bi\u00e7imde kullananlar hakk\u0131nda yasal takibat yap\u0131lacakt\u0131r.<\/p>\n<p>&nbsp;<\/p>\n<p><strong>VER\u0130 G\u00dcVENL\u0130\u011e\u0130<\/strong><\/p>\n<p>Veri g\u00fcvenli\u011fini ve g\u00fcvenli ba\u011flant\u0131y\u0131 sa\u011flamak i\u00e7in her t\u00fcrl\u00fc materyal, prosed\u00fcr ve izinsiz giri\u015fi engelleyici fiziksel ve elektronik i\u00e7erik Nursan Di\u015fli taraf\u0131ndan sa\u011flanmaktad\u0131r.<\/p>\n<p>&nbsp;<\/p>\n<h3>KULLANIM KO\u015eULLARI VE G\u0130ZL\u0130L\u0130K HAKLARI<\/h3>\n<p><strong>A) Genel<\/strong><\/p>\n<p>Bu site, Nursan Di\u015fli\u2019ye ait olup, yine onun taraf\u0131ndan i\u015fletilmektedir. Sitenin i\u00e7erdi\u011fi materyaller k\u0131smen ba\u015fka kaynaklardan sa\u011flanmakta olup, bu materyaller yerel ve\/veya uluslararas\u0131 telif haklar\u0131 ve ticari marka kanunlar\u0131 taraf\u0131ndan korunmaktad\u0131r. Kod ve yaz\u0131l\u0131m da dahil olmak \u00fczere, bu sitedeki hi\u00e7 bir materyal de\u011fi\u015ftirilemez, kopyalanamaz, \u00e7o\u011falt\u0131lamaz, yeniden yay\u0131nlanamaz, ba\u015fka bir bilgisayara y\u00fcklenemez, postalanamaz, iletilemez ve da\u011f\u0131t\u0131lamaz. Ancak, telif hakk\u0131 ve di\u011fer m\u00fclkiyet belirten duyurular oldu\u011fu gibi b\u0131rak\u0131lmak ve as\u0131l kayna\u011fa ba\u011flant\u0131 verilmek ko\u015fuluyla, ticari olmayan ki\u015fisel kullan\u0131m ama\u00e7lar\u0131n\u0131z i\u00e7in bu siteden materyal indirilebilir.<\/p>\n<p>&nbsp;<\/p>\n<p><strong>B) Telif<\/strong><\/p>\n<p>Kullan\u0131c\u0131lar, bu sitedeki bilgileri ticari ama\u00e7la kullanamazlar ancak ki\u015fisel faydalanmalar\u0131 i\u00e7in kullanabilirler. Nursan Di\u015fli&#8217;nin \u00f6nceden verilmi\u015f yaz\u0131l\u0131 onay\u0131 olmadan, Nursan Di\u015fli i\u00e7eri\u011finin kopyalanmas\u0131, yeniden yay\u0131nlanmas\u0131 veya yeniden da\u011f\u0131t\u0131lmas\u0131 a\u00e7\u0131k olarak yasakt\u0131r.<\/p>\n<p>&nbsp;<\/p>\n<p><strong>C) Kullan\u0131c\u0131 Sorumlulu\u011fu<\/strong><\/p>\n<p>Bu hizmet \u00fczerinden elektronik yolla Nursan Di\u015fli\u2019ye mesaj veya dosya g\u00f6nderdi\u011finizde, veri girdi\u011finizde ya da ba\u015fka herhangi bir ileti\u015fim bi\u00e7imini kulland\u0131\u011f\u0131n\u0131zda Nursan Di\u015fli\u2019ye, telif hakk\u0131 \u00f6demesiz, kal\u0131c\u0131, m\u00fcnhas\u0131r olmayan, k\u0131s\u0131tlamas\u0131 olmayan, d\u00fcnya \u00e7ap\u0131nda ge\u00e7erli bir lisans vermi\u015f olursunuz.<\/p>\n<p>&nbsp;<\/p>\n<p>Nursan Di\u015fli, bu lisans kapsam\u0131na giren her t\u00fcrden i\u00e7eri\u011fi kullanmak, kopyalamak, ba\u015fkas\u0131na lisanslamak, uyarlamak, iletmek, kamuya \u00e7almak ya da sunmak ve tarif edilen ileti\u015fim haklar\u0131n\u0131 serbest\u00e7e ve hi\u00e7bir k\u0131s\u0131tlama olmaks\u0131z\u0131n kullan\u0131lmak \u00fczere \u00fc\u00e7\u00fcnc\u00fc \u015fah\u0131slara lisanslamak yapma hakk\u0131na sahip olur.<\/p>\n<p>&nbsp;<\/p>\n<p>Yukar\u0131da tarif edilen haklar, ge\u00e7erli b\u00fct\u00fcn yasama alanlar\u0131ndaki telif hakk\u0131, ticari marka, servis markas\u0131 ya da patent kanunu haklar\u0131 da dahil olmak, ancak bu haklarla k\u0131s\u0131tl\u0131 olmayacak \u015fekilde, b\u00fct\u00fcn m\u00fclkiyet haklar\u0131n\u0131 kullanma hakk\u0131n\u0131 kapsar.<\/p>\n<p>&nbsp;<\/p>\n<p><strong>D) \u00dc\u00e7\u00fcnc\u00fc Ki\u015filere Ait \u0130\u00e7erik<\/strong><\/p>\n<p>Nursan Di\u015fli yaln\u0131zca kendi standartlar\u0131na ve kabili tatbik yasa ve d\u00fczenlemelere uyum g\u00f6steren \u00fc\u00e7\u00fcnc\u00fc taraf web sitelerine link sa\u011flamaya dikkat etse de bu \u00fc\u00e7\u00fcnc\u00fc \u015fah\u0131s sitelerindeki bilgiler, \u00fcr\u00fcnler ve hizmetler Nursan Di\u015fli taraf\u0131ndan hi\u00e7bir \u015fekilde i\u015fletilmedi\u011finden ve\/veya denetlenmedi\u011finden, bu \u00fc\u00e7\u00fcnc\u00fc taraf web sitelerinin i\u00e7eri\u011fi Nursan Di\u015fli\u2019den habersiz olarak de\u011fi\u015ftirilebilir. Bu site ve \u00fc\u00e7\u00fcnc\u00fc \u015fah\u0131s sitelerindeki materyaller \u2018oldu\u011fu gibi\u2019 sa\u011flanmaktad\u0131r ve a\u00e7\u0131k ya da dolayl\u0131 hi\u00e7bir garanti veya taahh\u00fct verilmemektedir.<\/p>\n<p>&nbsp;<\/p>\n<p>Ge\u00e7erli yasalar\u0131n izin verdi\u011fi \u00f6l\u00e7\u00fcde, Nursan Di\u015fli, sat\u0131labilirlik veya belirli bir amaca uygunluk kapsam\u0131na giren dolayl\u0131 garantiler de dahil olmak \u00fczere, ama bunlarla k\u0131s\u0131tl\u0131 kalmayacak \u015fekilde, a\u00e7\u0131k ya da dolayl\u0131 her t\u00fcrl\u00fc garantiyi reddeder. Nursan Di\u015fli, sitede yer alan bilgilerin eksiksiz veya hatas\u0131z olaca\u011f\u0131n\u0131n, sorunlu yanlar\u0131n\u0131n giderilece\u011finin ya da bu sitenin vir\u00fcslerden veya ba\u015fka zararl\u0131 unsurlardan ar\u0131nm\u0131\u015f oldu\u011fu garantisini vermez.<\/p>\n<p>&nbsp;<\/p>\n<p>Nursan Di\u015fli, bu sitedeki ya da \u00fc\u00e7\u00fcnc\u00fc \u015fah\u0131s sitelerindeki materyallerin kullan\u0131m\u0131 ya da kullan\u0131m sonu\u00e7lar\u0131 konusunda, do\u011fruluk, kesinlik, zaman\u0131nda olmakl\u0131k, g\u00fcvenilirlik ya da ba\u015fka a\u00e7\u0131lardan hi\u00e7bir garanti vermez. Bu sebeplerden dolay\u0131, herhangi bir \u00fc\u00e7\u00fcnc\u00fc taraf Web Sitesinde yer alan bilgi veya fikir konusunda sorumluluk kabul edilmemektedir.<\/p>\n<p>&nbsp;<\/p>\n<p><strong>E) Sorumlulu\u011fun S\u0131n\u0131rlanmas\u0131<\/strong><\/p>\n<p>\u0130hmal da dahil olmak \u00fczere, ancak bununla da s\u0131n\u0131rlanmamak \u00fczere, hi\u00e7bir ko\u015fulda, Nursan Di\u015fli ya da ili\u015fkili di\u011fer firmalar; Nursan Di\u015fli materyallerinin kullan\u0131m\u0131ndan ya da kullan\u0131lamamas\u0131ndan kaynaklanabilecek do\u011frudan, dolayl\u0131, rastlant\u0131sal, \u00f6zel ya da sonu\u00e7lar\u0131n yol a\u00e7abilece\u011fi hi\u00e7bir zarardan sorumlu de\u011fildir.<\/p>\n<p>&nbsp;<\/p>\n<p>Nursan Di\u015fli sitesini kullanmakla, herhangi bir kullan\u0131c\u0131n\u0131n k\u00fc\u00e7\u00fck d\u00fc\u015f\u00fcr\u00fcc\u00fc, haysiyet k\u0131r\u0131c\u0131, hakaret i\u00e7eren, ya da yasal olmayan davran\u0131\u015flar\u0131ndan dolay\u0131 Nursan Di\u015fli&#8217;nin sorumlu tutulamayaca\u011f\u0131n\u0131 ba\u015ftan kabul etmi\u015f say\u0131l\u0131rs\u0131n\u0131z. Nursan Di\u015fli\u2019nin bu sitede sundu\u011fu materyallerden veya Nursan Di\u015fli&#8217;nin burada ifade etti\u011fi \u015fartlardan herhangi birinden ho\u015fnut olmayanlar i\u00e7in tek \u00e7\u00f6z\u00fcm yolu, Nursan Di\u015fli web sitesini kullanmamakt\u0131r.<\/p>\n<p>&nbsp;<\/p>\n<p><strong>F) Bilgi G\u00fcncelleme ve De\u011fi\u015fiklik<\/strong><\/p>\n<p>Nursan Di\u015fli, gizlilik ve veri koruma prensiplerini g\u00fcncel tutmak ve ilgili mevzuata uygun hale getirmek i\u00e7in i\u015fbu Gizlilik Politikas\u0131\u2019n\u0131n i\u00e7eri\u011fini diledi\u011fi zaman de\u011fi\u015ftirebilir. De\u011fi\u015fen Gizlilik Politikas\u0131 Nursan Di\u015fli internet sitesinde ilan edilecektir. Gizlilik Politikas\u0131\u2019n\u0131n g\u00fcncel haline www.nursandisli.com adresinden s\u00fcrekli olarak ula\u015fman\u0131z m\u00fcmk\u00fcnd\u00fcr.<\/p>\n<p>&nbsp;<\/p>\n<p>\u0130\u015fbu Gizlilik Politikas\u0131\u2019n\u0131n de\u011fi\u015ftirilmesinden sonra Nursan Di\u015fli\u2019nin hizmet ve\/veya uygulamalar\u0131n\u0131 kullanmaya devam etmeniz halinde yap\u0131lan de\u011fi\u015fiklikleri kabul etti\u011finiz varsay\u0131l\u0131r. Nursan Di\u015fli\u2019nin de\u011fi\u015fiklik yapt\u0131\u011f\u0131 Gizlilik Politikas\u0131 h\u00fck\u00fcmleri internet sitesinde yay\u0131nland\u0131\u011f\u0131 tarihte y\u00fcr\u00fcrl\u00fck kazan\u0131r.<\/p>\n\n\t\t<\/div>\n\t<\/div><\/div><\/div><\/div><\/div><\/div><\/div>\n<\/div>","protected":false},"excerpt":{"rendered":"GENEL Bu site \u201cNursan Di\u015fli\u201d \u015firketine (bundan b\u00f6yle \u201cNursan Di\u015fli\u201d olarak an\u0131lacak) ait olup, ayn\u0131 \u015firket taraf\u0131ndan y\u00f6netilmektedir. Site sunucusunda bar\u0131nd\u0131r\u0131lan ve\/veya sayfada yay\u0131nlanan projelere ait a\u00e7\u0131klama, foto\u011fraf, \u00e7izim, 3B...","protected":false},"author":1,"featured_media":0,"parent":0,"menu_order":0,"comment_status":"closed","ping_status":"closed","template":"","meta":{"footnotes":""},"class_list":["post-981","page","type-page","status-publish","hentry"],"yoast_head":"<!-- This site is optimized with the Yoast SEO plugin v25.8 - https:\/\/yoast.com\/wordpress\/plugins\/seo\/ -->\n<title>\u00c7erez ve Gizlilik Politikam\u0131z - Nursan Di\u015fli<\/title>\n<meta name=\"robots\" content=\"index, follow, max-snippet:-1, max-image-preview:large, max-video-preview:-1\" \/>\n<link rel=\"canonical\" href=\"https:\/\/www.nursanmakina.com.tr\/en\/cerez-kullanimi-ve-gizlilik-politikamiz\/\" \/>\n<meta property=\"og:locale\" content=\"en_US\" \/>\n<meta property=\"og:type\" content=\"article\" \/>\n<meta property=\"og:title\" content=\"\u00c7erez ve Gizlilik Politikam\u0131z - Nursan Di\u015fli\" \/>\n<meta property=\"og:url\" content=\"https:\/\/www.nursanmakina.com.tr\/en\/cerez-kullanimi-ve-gizlilik-politikamiz\/\" \/>\n<meta property=\"og:site_name\" content=\"Nursan Di\u015fli\" \/>\n<meta property=\"article:publisher\" content=\"https:\/\/www.facebook.com\/nursandisli\" \/>\n<meta property=\"article:modified_time\" content=\"2025-08-25T08:34:01+00:00\" \/>\n<meta property=\"og:image\" content=\"https:\/\/www.nursanmakina.com.tr\/wp-content\/uploads\/2025\/08\/nursan-hakkimizda.jpg\" \/>\n\t<meta property=\"og:image:width\" content=\"633\" \/>\n\t<meta property=\"og:image:height\" content=\"632\" \/>\n\t<meta property=\"og:image:type\" content=\"image\/jpeg\" \/>\n<meta name=\"twitter:card\" content=\"summary_large_image\" \/>\n<meta name=\"twitter:label1\" content=\"Est. reading time\" \/>\n\t<meta name=\"twitter:data1\" content=\"6 minutes\" \/>\n<script type=\"application\/ld+json\" class=\"yoast-schema-graph\">{\"@context\":\"https:\/\/schema.org\",\"@graph\":[{\"@type\":\"WebPage\",\"@id\":\"https:\/\/www.nursanmakina.com.tr\/cerez-kullanimi-ve-gizlilik-politikamiz\/\",\"url\":\"https:\/\/www.nursanmakina.com.tr\/cerez-kullanimi-ve-gizlilik-politikamiz\/\",\"name\":\"\u00c7erez ve Gizlilik Politikam\u0131z - Nursan Di\u015fli\",\"isPartOf\":{\"@id\":\"https:\/\/www.nursanmakina.com.tr\/#website\"},\"datePublished\":\"2025-08-16T13:06:40+00:00\",\"dateModified\":\"2025-08-25T08:34:01+00:00\",\"breadcrumb\":{\"@id\":\"https:\/\/www.nursanmakina.com.tr\/cerez-kullanimi-ve-gizlilik-politikamiz\/#breadcrumb\"},\"inLanguage\":\"en-US\",\"potentialAction\":[{\"@type\":\"ReadAction\",\"target\":[\"https:\/\/www.nursanmakina.com.tr\/cerez-kullanimi-ve-gizlilik-politikamiz\/\"]}]},{\"@type\":\"BreadcrumbList\",\"@id\":\"https:\/\/www.nursanmakina.com.tr\/cerez-kullanimi-ve-gizlilik-politikamiz\/#breadcrumb\",\"itemListElement\":[{\"@type\":\"ListItem\",\"position\":1,\"name\":\"Anasayfa\",\"item\":\"https:\/\/www.nursanmakina.com.tr\/\"},{\"@type\":\"ListItem\",\"position\":2,\"name\":\"\u00c7erez ve Gizlilik Politikam\u0131z\"}]},{\"@type\":\"WebSite\",\"@id\":\"https:\/\/www.nursanmakina.com.tr\/#website\",\"url\":\"https:\/\/www.nursanmakina.com.tr\/\",\"name\":\"Nursan Makina & Di\u015fli\",\"description\":\"Di\u015fli \u00dcretiminde \u00d6nc\u00fc\",\"publisher\":{\"@id\":\"https:\/\/www.nursanmakina.com.tr\/#organization\"},\"alternateName\":\"Nursan Makina & Di\u015fli\",\"potentialAction\":[{\"@type\":\"SearchAction\",\"target\":{\"@type\":\"EntryPoint\",\"urlTemplate\":\"https:\/\/www.nursanmakina.com.tr\/?s={search_term_string}\"},\"query-input\":{\"@type\":\"PropertyValueSpecification\",\"valueRequired\":true,\"valueName\":\"search_term_string\"}}],\"inLanguage\":\"en-US\"},{\"@type\":\"Organization\",\"@id\":\"https:\/\/www.nursanmakina.com.tr\/#organization\",\"name\":\"Nursan Makina & Di\u015fli\",\"alternateName\":\"Nursan Makina & Di\u015fli\",\"url\":\"https:\/\/www.nursanmakina.com.tr\/\",\"logo\":{\"@type\":\"ImageObject\",\"inLanguage\":\"en-US\",\"@id\":\"https:\/\/www.nursanmakina.com.tr\/#\/schema\/logo\/image\/\",\"url\":\"https:\/\/www.nursanmakina.com.tr\/wp-content\/uploads\/2025\/08\/nursan-makine-logo.png\",\"contentUrl\":\"https:\/\/www.nursanmakina.com.tr\/wp-content\/uploads\/2025\/08\/nursan-makine-logo.png\",\"width\":210,\"height\":141,\"caption\":\"Nursan Makina & Di\u015fli\"},\"image\":{\"@id\":\"https:\/\/www.nursanmakina.com.tr\/#\/schema\/logo\/image\/\"},\"sameAs\":[\"https:\/\/www.facebook.com\/nursandisli\",\"https:\/\/www.instagram.com\/nursandisli\/\"]}]}<\/script>\n<!-- \/ Yoast SEO plugin. -->","yoast_head_json":{"title":"\u00c7erez ve Gizlilik Politikam\u0131z - Nursan Di\u015fli","robots":{"index":"index","follow":"follow","max-snippet":"max-snippet:-1","max-image-preview":"max-image-preview:large","max-video-preview":"max-video-preview:-1"},"canonical":"https:\/\/www.nursanmakina.com.tr\/en\/cerez-kullanimi-ve-gizlilik-politikamiz\/","og_locale":"en_US","og_type":"article","og_title":"\u00c7erez ve Gizlilik Politikam\u0131z - Nursan Di\u015fli","og_url":"https:\/\/www.nursanmakina.com.tr\/en\/cerez-kullanimi-ve-gizlilik-politikamiz\/","og_site_name":"Nursan Di\u015fli","article_publisher":"https:\/\/www.facebook.com\/nursandisli","article_modified_time":"2025-08-25T08:34:01+00:00","og_image":[{"width":633,"height":632,"url":"https:\/\/www.nursanmakina.com.tr\/wp-content\/uploads\/2025\/08\/nursan-hakkimizda.jpg","type":"image\/jpeg"}],"twitter_card":"summary_large_image","twitter_misc":{"Est. reading time":"6 minutes"},"schema":{"@context":"https:\/\/schema.org","@graph":[{"@type":"WebPage","@id":"https:\/\/www.nursanmakina.com.tr\/cerez-kullanimi-ve-gizlilik-politikamiz\/","url":"https:\/\/www.nursanmakina.com.tr\/cerez-kullanimi-ve-gizlilik-politikamiz\/","name":"\u00c7erez ve Gizlilik Politikam\u0131z - Nursan Di\u015fli","isPartOf":{"@id":"https:\/\/www.nursanmakina.com.tr\/#website"},"datePublished":"2025-08-16T13:06:40+00:00","dateModified":"2025-08-25T08:34:01+00:00","breadcrumb":{"@id":"https:\/\/www.nursanmakina.com.tr\/cerez-kullanimi-ve-gizlilik-politikamiz\/#breadcrumb"},"inLanguage":"en-US","potentialAction":[{"@type":"ReadAction","target":["https:\/\/www.nursanmakina.com.tr\/cerez-kullanimi-ve-gizlilik-politikamiz\/"]}]},{"@type":"BreadcrumbList","@id":"https:\/\/www.nursanmakina.com.tr\/cerez-kullanimi-ve-gizlilik-politikamiz\/#breadcrumb","itemListElement":[{"@type":"ListItem","position":1,"name":"Anasayfa","item":"https:\/\/www.nursanmakina.com.tr\/"},{"@type":"ListItem","position":2,"name":"\u00c7erez ve Gizlilik Politikam\u0131z"}]},{"@type":"WebSite","@id":"https:\/\/www.nursanmakina.com.tr\/#website","url":"https:\/\/www.nursanmakina.com.tr\/","name":"Nursan Makina & Di\u015fli","description":"Di\u015fli \u00dcretiminde \u00d6nc\u00fc","publisher":{"@id":"https:\/\/www.nursanmakina.com.tr\/#organization"},"alternateName":"Nursan Makina & Di\u015fli","potentialAction":[{"@type":"SearchAction","target":{"@type":"EntryPoint","urlTemplate":"https:\/\/www.nursanmakina.com.tr\/?s={search_term_string}"},"query-input":{"@type":"PropertyValueSpecification","valueRequired":true,"valueName":"search_term_string"}}],"inLanguage":"en-US"},{"@type":"Organization","@id":"https:\/\/www.nursanmakina.com.tr\/#organization","name":"Nursan Makina & Di\u015fli","alternateName":"Nursan Makina & Di\u015fli","url":"https:\/\/www.nursanmakina.com.tr\/","logo":{"@type":"ImageObject","inLanguage":"en-US","@id":"https:\/\/www.nursanmakina.com.tr\/#\/schema\/logo\/image\/","url":"https:\/\/www.nursanmakina.com.tr\/wp-content\/uploads\/2025\/08\/nursan-makine-logo.png","contentUrl":"https:\/\/www.nursanmakina.com.tr\/wp-content\/uploads\/2025\/08\/nursan-makine-logo.png","width":210,"height":141,"caption":"Nursan Makina & Di\u015fli"},"image":{"@id":"https:\/\/www.nursanmakina.com.tr\/#\/schema\/logo\/image\/"},"sameAs":["https:\/\/www.facebook.com\/nursandisli","https:\/\/www.instagram.com\/nursandisli\/"]}]}},"_links":{"self":[{"href":"https:\/\/www.nursanmakina.com.tr\/en\/wp-json\/wp\/v2\/pages\/981","targetHints":{"allow":["GET"]}}],"collection":[{"href":"https:\/\/www.nursanmakina.com.tr\/en\/wp-json\/wp\/v2\/pages"}],"about":[{"href":"https:\/\/www.nursanmakina.com.tr\/en\/wp-json\/wp\/v2\/types\/page"}],"author":[{"embeddable":true,"href":"https:\/\/www.nursanmakina.com.tr\/en\/wp-json\/wp\/v2\/users\/1"}],"replies":[{"embeddable":true,"href":"https:\/\/www.nursanmakina.com.tr\/en\/wp-json\/wp\/v2\/comments?post=981"}],"version-history":[{"count":12,"href":"https:\/\/www.nursanmakina.com.tr\/en\/wp-json\/wp\/v2\/pages\/981\/revisions"}],"predecessor-version":[{"id":1707,"href":"https:\/\/www.nursanmakina.com.tr\/en\/wp-json\/wp\/v2\/pages\/981\/revisions\/1707"}],"wp:attachment":[{"href":"https:\/\/www.nursanmakina.com.tr\/en\/wp-json\/wp\/v2\/media?parent=981"}],"curies":[{"name":"wp","href":"https:\/\/api.w.org\/{rel}","templated":true}]}}