{"id":388,"date":"2017-10-20T14:07:54","date_gmt":"2017-10-20T14:07:54","guid":{"rendered":"http:\/\/bridge96.qodeinteractive.com\/?page_id=388"},"modified":"2025-09-06T17:34:04","modified_gmt":"2025-09-06T14:34:04","slug":"iletisim","status":"publish","type":"page","link":"https:\/\/www.nursanmakina.com.tr\/en\/iletisim\/","title":{"rendered":"\u0130leti\u015fim"},"content":{"rendered":"<div class=\"wpb-content-wrapper\"><div      class=\"vc_row wpb_row section vc_row-fluid  vc_custom_1755343354789 grid_section\" style=' padding-top:50px; padding-bottom:50px; text-align:left;'><div class=\"section_inner clearfix\"><div class='section_inner_margin clearfix'><div class=\"wpb_column vc_column_container vc_col-sm-6\"><div class=\"vc_column-inner\"><div class=\"wpb_wrapper\"><div      class=\"vc_row wpb_row section vc_row-fluid vc_inner\" style=' text-align:left;'><div class=\"full_section_inner clearfix\"><div class=\"iletisim-box-1 wpb_column vc_column_container vc_col-sm-6\"><div class=\"vc_column-inner\"><div class=\"wpb_wrapper\"><div class='q_icon_with_title small custom_icon_image center'><div class=\"icon_holder\" style=\" \"><img decoding=\"async\" src=\"https:\/\/www.nursanmakina.com.tr\/wp-content\/uploads\/2025\/08\/phone-icon-1.png\" alt=\"\"><\/div><div class=\"icon_text_holder\" style=\"\"><div class=\"icon_text_inner\" style=\"\"><h5 class=\"icon_title\" style=\"\">Telefon<\/h5><p style=''>0506 127 26 26<\/p><\/div><\/div><\/div><div class=\"vc_empty_space\"  style=\"height: 35px\" >\n\t<span class=\"vc_empty_space_inner\">\n\t\t<span class=\"empty_space_image\"  ><\/span>\n\t<\/span>\n<\/div><\/div><\/div><\/div><div class=\"iletisim-box-2 wpb_column vc_column_container vc_col-sm-6\"><div class=\"vc_column-inner\"><div class=\"wpb_wrapper\"><div class='q_icon_with_title small custom_icon_image center'><div class=\"icon_holder\" style=\" \"><img decoding=\"async\" src=\"https:\/\/www.nursanmakina.com.tr\/wp-content\/uploads\/2025\/08\/phone-icon.png\" alt=\"\"><\/div><div class=\"icon_text_holder\" style=\"\"><div class=\"icon_text_inner\" style=\"\"><h5 class=\"icon_title\" style=\"\">Sabit Telefon<\/h5><p style=''>0212 549 17 19<\/p><\/div><\/div><\/div><div class=\"vc_empty_space\"  style=\"height: 35px\" >\n\t<span class=\"vc_empty_space_inner\">\n\t\t<span class=\"empty_space_image\"  ><\/span>\n\t<\/span>\n<\/div><\/div><\/div><\/div><\/div><\/div><div      class=\"vc_row wpb_row section vc_row-fluid vc_inner\" style=' text-align:left;'><div class=\"full_section_inner clearfix\"><div class=\"iletisim-box-1 wpb_column vc_column_container vc_col-sm-12\"><div class=\"vc_column-inner\"><div class=\"wpb_wrapper\"><div class='q_icon_with_title small custom_icon_image center'><div class=\"icon_holder\" style=\" \"><img decoding=\"async\" src=\"https:\/\/www.nursanmakina.com.tr\/wp-content\/uploads\/2025\/08\/map-icon.png\" alt=\"\"><\/div><div class=\"icon_text_holder\" style=\"\"><div class=\"icon_text_inner\" style=\"\"><h5 class=\"icon_title\" style=\"\">Adres<\/h5><p style=''>\u0130kitelli Organize Sanayi B\u00f6lgesi, Metal \u0130\u015f Sanayi Sitesi, 18. Blok No: 20-22, 34306 Ba\u015fak\u015fehir \/ \u0130stanbul<\/p><\/div><\/div><\/div><div class=\"vc_empty_space\"  style=\"height: 35px\" >\n\t<span class=\"vc_empty_space_inner\">\n\t\t<span class=\"empty_space_image\"  ><\/span>\n\t<\/span>\n<\/div><\/div><\/div><\/div><\/div><\/div><div      class=\"vc_row wpb_row section vc_row-fluid vc_inner\" style=' text-align:left;'><div class=\"full_section_inner clearfix\"><div class=\"iletisim-box-1 wpb_column vc_column_container vc_col-sm-6\"><div class=\"vc_column-inner\"><div class=\"wpb_wrapper\"><div class='q_icon_with_title small custom_icon_image center'><div class=\"icon_holder\" style=\" \"><img decoding=\"async\" src=\"https:\/\/www.nursanmakina.com.tr\/wp-content\/uploads\/2025\/08\/mail-icon.png\" alt=\"\"><\/div><div class=\"icon_text_holder\" style=\"\"><div class=\"icon_text_inner\" style=\"\"><h5 class=\"icon_title\" style=\"\">E-Mail<\/h5><p style=''>info@nursanmakina.com.tr<\/p><\/div><\/div><\/div><div class=\"vc_empty_space\"  style=\"height: 35px\" >\n\t<span class=\"vc_empty_space_inner\">\n\t\t<span class=\"empty_space_image\"  ><\/span>\n\t<\/span>\n<\/div><\/div><\/div><\/div><div class=\"iletisim-box-2 wpb_column vc_column_container vc_col-sm-6\"><div class=\"vc_column-inner\"><div class=\"wpb_wrapper\"><div class='q_icon_with_title small custom_icon_image center'><div class=\"icon_holder\" style=\" \"><img decoding=\"async\" src=\"https:\/\/www.nursanmakina.com.tr\/wp-content\/uploads\/2025\/08\/calisma-icon.png\" alt=\"\"><\/div><div class=\"icon_text_holder\" style=\"\"><div class=\"icon_text_inner\" style=\"\"><h5 class=\"icon_title\" style=\"\">\u00c7al\u0131\u015fma Saatleri<\/h5><p style=''>08:00 - 18:00<\/p><\/div><\/div><\/div><div class=\"vc_empty_space\"  style=\"height: 35px\" >\n\t<span class=\"vc_empty_space_inner\">\n\t\t<span class=\"empty_space_image\"  ><\/span>\n\t<\/span>\n<\/div><\/div><\/div><\/div><\/div><\/div><\/div><\/div><\/div><div class=\"iletisim-box-form wpb_column vc_column_container vc_col-sm-6\"><div class=\"vc_column-inner\"><div class=\"wpb_wrapper\"><div class=\"vc_empty_space\"  style=\"height: 15px\" >\n\t<span class=\"vc_empty_space_inner\">\n\t\t<span class=\"empty_space_image\"  ><\/span>\n\t<\/span>\n<\/div>\n\t<div class=\"wpb_text_column wpb_content_element\">\n\t\t<div class=\"wpb_wrapper\">\n\t\t\t<h2>Bize Ula\u015f\u0131n<\/h2>\n\n\t\t<\/div>\n\t<\/div>\n\t<div class=\"wpb_text_column wpb_content_element\">\n\t\t<div class=\"wpb_wrapper\">\n\t\t\t<p>A\u015fa\u011f\u0131daki formu doldurarak destek talepleriniz i\u00e7in bizimle ileti\u015fime ge\u00e7ebilirsiniz.<\/p>\n\n\t\t<\/div>\n\t<\/div><div class=\"vc_empty_space\"  style=\"height: 15px\" >\n\t<span class=\"vc_empty_space_inner\">\n\t\t<span class=\"empty_space_image\"  ><\/span>\n\t<\/span>\n<\/div>\n<div class=\"wpcf7 no-js\" id=\"wpcf7-f825-o1\" lang=\"tr-TR\" dir=\"ltr\" data-wpcf7-id=\"825\">\n<div class=\"screen-reader-response\"><p role=\"status\" aria-live=\"polite\" aria-atomic=\"true\"><\/p> <ul><\/ul><\/div>\n<form action=\"\/en\/wp-json\/wp\/v2\/pages\/388#wpcf7-f825-o1\" method=\"post\" class=\"wpcf7-form init cf7_custom_style_1\" aria-label=\"\u0130leti\u015fim Formu\" novalidate=\"novalidate\" data-status=\"init\" data-trp-original-action=\"\/en\/wp-json\/wp\/v2\/pages\/388#wpcf7-f825-o1\">\n<fieldset class=\"hidden-fields-container\"><input type=\"hidden\" name=\"_wpcf7\" value=\"825\" \/><input type=\"hidden\" name=\"_wpcf7_version\" value=\"6.1.1\" \/><input type=\"hidden\" name=\"_wpcf7_locale\" value=\"tr_TR\" \/><input type=\"hidden\" name=\"_wpcf7_unit_tag\" value=\"wpcf7-f825-o1\" \/><input type=\"hidden\" name=\"_wpcf7_container_post\" value=\"0\" \/><input type=\"hidden\" name=\"_wpcf7_posted_data_hash\" value=\"\" \/><input type=\"hidden\" name=\"_wpcf7_recaptcha_response\" value=\"\" \/>\n<\/fieldset>\n<div>\n\t<p><span class=\"wpcf7-form-control-wrap\" data-name=\"your-name\"><input size=\"40\" maxlength=\"400\" class=\"wpcf7-form-control wpcf7-text\" aria-invalid=\"false\" placeholder=\"Ad Soyad*\" value=\"\" type=\"text\" name=\"your-name\" \/><\/span>\n\t<\/p>\n<\/div>\n<div>\n\t<p><span class=\"wpcf7-form-control-wrap\" data-name=\"your-email\"><input size=\"40\" maxlength=\"400\" class=\"wpcf7-form-control wpcf7-email wpcf7-validates-as-required wpcf7-text wpcf7-validates-as-email\" aria-required=\"true\" aria-invalid=\"false\" placeholder=\"E-Posta*\" value=\"\" type=\"email\" name=\"your-email\" \/><\/span>\n\t<\/p>\n<\/div>\n<div>\n\t<p><span class=\"wpcf7-form-control-wrap\" data-name=\"tel-321\"><input size=\"40\" maxlength=\"400\" class=\"wpcf7-form-control wpcf7-tel wpcf7-validates-as-required wpcf7-text wpcf7-validates-as-tel\" aria-required=\"true\" aria-invalid=\"false\" placeholder=\"Telefon*\" value=\"\" type=\"tel\" name=\"tel-321\" \/><\/span>\n\t<\/p>\n<\/div>\n<div>\n\t<p><span class=\"wpcf7-form-control-wrap\" data-name=\"your-message\"><textarea cols=\"40\" rows=\"10\" maxlength=\"2000\" class=\"wpcf7-form-control wpcf7-textarea\" aria-invalid=\"false\" placeholder=\"Mesaj\u0131n\u0131z\" name=\"your-message\"><\/textarea><\/span>\n\t<\/p>\n<\/div>\n<div class=\"recaptcha-form\">\n<span class=\"wpcf7-form-control-wrap recaptcha\" data-name=\"recaptcha\"><span data-sitekey=\"6LfIdsArAAAAAGEf1eL0_jeAPyocrxyifMK-e1b-\" class=\"wpcf7-form-control wpcf7-recaptcha g-recaptcha\"><\/span>\r\n<noscript>\r\n\t<div class=\"grecaptcha-noscript\">\r\n\t\t<iframe loading=\"lazy\" src=\"https:\/\/www.google.com\/recaptcha\/api\/fallback?k=6LfIdsArAAAAAGEf1eL0_jeAPyocrxyifMK-e1b-\" frameborder=\"0\" scrolling=\"no\" width=\"310\" height=\"430\">\r\n\t\t<\/iframe>\r\n\t\t<textarea name=\"g-recaptcha-response\" rows=\"3\" cols=\"40\" placeholder=\"reCaptcha Response Here\">\r\n\t\t<\/textarea>\r\n\t<\/div>\r\n<\/noscript>\r\n<\/span>\n<\/div>\n<p><input class=\"wpcf7-form-control wpcf7-submit has-spinner\" type=\"submit\" value=\"G\u00f6nder\" \/>\n<\/p><div class=\"wpcf7-response-output\" aria-hidden=\"true\"><\/div>\n<input type=\"hidden\" name=\"trp-form-language\" value=\"en\"\/><\/form>\n<\/div>\n<div class=\"vc_empty_space\"  style=\"height: 15px\" >\n\t<span class=\"vc_empty_space_inner\">\n\t\t<span class=\"empty_space_image\"  ><\/span>\n\t<\/span>\n<\/div><\/div><\/div><\/div><\/div><\/div><\/div><div      class=\"vc_row wpb_row section vc_row-fluid  iletisim-social-box vc_custom_1755343598979 grid_section\" style=' padding-top:80px; padding-bottom:80px; text-align:left;'><div class=\"section_inner clearfix\"><div class='section_inner_margin clearfix'><div class=\"wpb_column vc_column_container vc_col-sm-12\"><div class=\"vc_column-inner\"><div class=\"wpb_wrapper\">\n\t<div class=\"wpb_text_column wpb_content_element\">\n\t\t<div class=\"wpb_wrapper\">\n\t\t\t<h3 style=\"text-align: center; font-size: 28px;\">Yol Tarifi<\/h3>\n\n\t\t<\/div>\n\t<\/div><div class=\"vc_empty_space\"  style=\"height: 15px\" >\n\t<span class=\"vc_empty_space_inner\">\n\t\t<span class=\"empty_space_image\"  ><\/span>\n\t<\/span>\n<\/div>\n\t<div class=\"wpb_text_column wpb_content_element\">\n\t\t<div class=\"wpb_wrapper\">\n\t\t\t<p style=\"text-align: center;\">Google Maps \u00fczerinden yol tarifi almak i\u00e7in haritay\u0131 t\u0131klay\u0131n.<\/p>\n\n\t\t<\/div>\n\t<\/div><div class=\"vc_empty_space\"  style=\"height: 20px\" >\n\t<span class=\"vc_empty_space_inner\">\n\t\t<span class=\"empty_space_image\"  ><\/span>\n\t<\/span>\n<\/div>\n\t<div class=\"wpb_raw_code wpb_raw_html wpb_content_element\" >\n\t\t<div class=\"wpb_wrapper\">\n\t\t\t<iframe src=\"https:\/\/www.google.com\/maps\/embed?pb=!1m18!1m12!1m3!1d3007.9252894764636!2d28.802374500000003!3d41.0706257!2m3!1f0!2f0!3f0!3m2!1i1024!2i768!4f13.1!3m3!1m2!1s0x14caa58548cf7039%3A0x17e110433e42aaf2!2sNursan%20Makina%20Di%C5%9Fli%20San.!5e0!3m2!1str!2str!4v1755341036669!5m2!1str!2str\" width=\"100%\" height=\"450\" style=\"border:0;\" allowfullscreen=\"\" loading=\"lazy\" referrerpolicy=\"no-referrer-when-downgrade\"><\/iframe>\n\t\t<\/div>\n\t<\/div>\n<div class=\"vc_empty_space\"  style=\"height: 35px\" >\n\t<span class=\"vc_empty_space_inner\">\n\t\t<span class=\"empty_space_image\"  ><\/span>\n\t<\/span>\n<\/div><\/div><\/div><\/div><\/div><\/div><\/div>\n<\/div>","protected":false},"excerpt":{"rendered":"Telefon0506 127 26 26 Sabit Telefon0212 549 17 19 Adres\u0130kitelli Organize Sanayi B\u00f6lgesi, Metal \u0130\u015f Sanayi Sitesi, 18. Blok No: 20-22, 34306 Ba\u015fak\u015fehir \/ \u0130stanbul E-Mailinfo@nursanmakina.com.tr \u00c7al\u0131\u015fma Saatleri08:00 - 18:00...","protected":false},"author":1,"featured_media":0,"parent":0,"menu_order":0,"comment_status":"closed","ping_status":"closed","template":"full_width.php","meta":{"footnotes":""},"class_list":["post-388","page","type-page","status-publish","hentry"],"yoast_head":"<!-- This site is optimized with the Yoast SEO plugin v25.8 - https:\/\/yoast.com\/wordpress\/plugins\/seo\/ -->\n<title>\u0130leti\u015fim - Nursan Di\u015fli<\/title>\n<meta name=\"robots\" content=\"index, follow, max-snippet:-1, max-image-preview:large, max-video-preview:-1\" \/>\n<link rel=\"canonical\" href=\"https:\/\/www.nursanmakina.com.tr\/en\/iletisim\/\" \/>\n<meta property=\"og:locale\" content=\"en_US\" \/>\n<meta property=\"og:type\" content=\"article\" \/>\n<meta property=\"og:title\" content=\"\u0130leti\u015fim - Nursan Di\u015fli\" \/>\n<meta property=\"og:url\" content=\"https:\/\/www.nursanmakina.com.tr\/en\/iletisim\/\" \/>\n<meta property=\"og:site_name\" content=\"Nursan Di\u015fli\" \/>\n<meta property=\"article:publisher\" content=\"https:\/\/www.facebook.com\/nursandisli\" \/>\n<meta property=\"article:modified_time\" content=\"2025-09-06T14:34:04+00:00\" \/>\n<meta property=\"og:image\" content=\"https:\/\/www.nursanmakina.com.tr\/wp-content\/uploads\/2025\/08\/nursan-hakkimizda.jpg\" \/>\n\t<meta property=\"og:image:width\" content=\"633\" \/>\n\t<meta property=\"og:image:height\" content=\"632\" \/>\n\t<meta property=\"og:image:type\" content=\"image\/jpeg\" \/>\n<meta name=\"twitter:card\" content=\"summary_large_image\" \/>\n<meta name=\"twitter:label1\" content=\"Est. reading time\" \/>\n\t<meta name=\"twitter:data1\" content=\"2 minutes\" \/>\n<script type=\"application\/ld+json\" class=\"yoast-schema-graph\">{\"@context\":\"https:\/\/schema.org\",\"@graph\":[{\"@type\":\"WebPage\",\"@id\":\"https:\/\/www.nursanmakina.com.tr\/iletisim\/\",\"url\":\"https:\/\/www.nursanmakina.com.tr\/iletisim\/\",\"name\":\"\u0130leti\u015fim - Nursan Di\u015fli\",\"isPartOf\":{\"@id\":\"https:\/\/www.nursanmakina.com.tr\/#website\"},\"datePublished\":\"2017-10-20T14:07:54+00:00\",\"dateModified\":\"2025-09-06T14:34:04+00:00\",\"breadcrumb\":{\"@id\":\"https:\/\/www.nursanmakina.com.tr\/iletisim\/#breadcrumb\"},\"inLanguage\":\"en-US\",\"potentialAction\":[{\"@type\":\"ReadAction\",\"target\":[\"https:\/\/www.nursanmakina.com.tr\/iletisim\/\"]}]},{\"@type\":\"BreadcrumbList\",\"@id\":\"https:\/\/www.nursanmakina.com.tr\/iletisim\/#breadcrumb\",\"itemListElement\":[{\"@type\":\"ListItem\",\"position\":1,\"name\":\"Anasayfa\",\"item\":\"https:\/\/www.nursanmakina.com.tr\/\"},{\"@type\":\"ListItem\",\"position\":2,\"name\":\"\u0130leti\u015fim\"}]},{\"@type\":\"WebSite\",\"@id\":\"https:\/\/www.nursanmakina.com.tr\/#website\",\"url\":\"https:\/\/www.nursanmakina.com.tr\/\",\"name\":\"Nursan Makina & Di\u015fli\",\"description\":\"Di\u015fli \u00dcretiminde \u00d6nc\u00fc\",\"publisher\":{\"@id\":\"https:\/\/www.nursanmakina.com.tr\/#organization\"},\"alternateName\":\"Nursan Makina & Di\u015fli\",\"potentialAction\":[{\"@type\":\"SearchAction\",\"target\":{\"@type\":\"EntryPoint\",\"urlTemplate\":\"https:\/\/www.nursanmakina.com.tr\/?s={search_term_string}\"},\"query-input\":{\"@type\":\"PropertyValueSpecification\",\"valueRequired\":true,\"valueName\":\"search_term_string\"}}],\"inLanguage\":\"en-US\"},{\"@type\":\"Organization\",\"@id\":\"https:\/\/www.nursanmakina.com.tr\/#organization\",\"name\":\"Nursan Makina & Di\u015fli\",\"alternateName\":\"Nursan Makina & Di\u015fli\",\"url\":\"https:\/\/www.nursanmakina.com.tr\/\",\"logo\":{\"@type\":\"ImageObject\",\"inLanguage\":\"en-US\",\"@id\":\"https:\/\/www.nursanmakina.com.tr\/#\/schema\/logo\/image\/\",\"url\":\"https:\/\/www.nursanmakina.com.tr\/wp-content\/uploads\/2025\/08\/nursan-makine-logo.png\",\"contentUrl\":\"https:\/\/www.nursanmakina.com.tr\/wp-content\/uploads\/2025\/08\/nursan-makine-logo.png\",\"width\":210,\"height\":141,\"caption\":\"Nursan Makina & Di\u015fli\"},\"image\":{\"@id\":\"https:\/\/www.nursanmakina.com.tr\/#\/schema\/logo\/image\/\"},\"sameAs\":[\"https:\/\/www.facebook.com\/nursandisli\",\"https:\/\/www.instagram.com\/nursandisli\/\"]}]}<\/script>\n<!-- \/ Yoast SEO plugin. -->","yoast_head_json":{"title":"\u0130leti\u015fim - Nursan Di\u015fli","robots":{"index":"index","follow":"follow","max-snippet":"max-snippet:-1","max-image-preview":"max-image-preview:large","max-video-preview":"max-video-preview:-1"},"canonical":"https:\/\/www.nursanmakina.com.tr\/en\/iletisim\/","og_locale":"en_US","og_type":"article","og_title":"\u0130leti\u015fim - Nursan Di\u015fli","og_url":"https:\/\/www.nursanmakina.com.tr\/en\/iletisim\/","og_site_name":"Nursan Di\u015fli","article_publisher":"https:\/\/www.facebook.com\/nursandisli","article_modified_time":"2025-09-06T14:34:04+00:00","og_image":[{"width":633,"height":632,"url":"https:\/\/www.nursanmakina.com.tr\/wp-content\/uploads\/2025\/08\/nursan-hakkimizda.jpg","type":"image\/jpeg"}],"twitter_card":"summary_large_image","twitter_misc":{"Est. reading time":"2 minutes"},"schema":{"@context":"https:\/\/schema.org","@graph":[{"@type":"WebPage","@id":"https:\/\/www.nursanmakina.com.tr\/iletisim\/","url":"https:\/\/www.nursanmakina.com.tr\/iletisim\/","name":"\u0130leti\u015fim - Nursan Di\u015fli","isPartOf":{"@id":"https:\/\/www.nursanmakina.com.tr\/#website"},"datePublished":"2017-10-20T14:07:54+00:00","dateModified":"2025-09-06T14:34:04+00:00","breadcrumb":{"@id":"https:\/\/www.nursanmakina.com.tr\/iletisim\/#breadcrumb"},"inLanguage":"en-US","potentialAction":[{"@type":"ReadAction","target":["https:\/\/www.nursanmakina.com.tr\/iletisim\/"]}]},{"@type":"BreadcrumbList","@id":"https:\/\/www.nursanmakina.com.tr\/iletisim\/#breadcrumb","itemListElement":[{"@type":"ListItem","position":1,"name":"Anasayfa","item":"https:\/\/www.nursanmakina.com.tr\/"},{"@type":"ListItem","position":2,"name":"\u0130leti\u015fim"}]},{"@type":"WebSite","@id":"https:\/\/www.nursanmakina.com.tr\/#website","url":"https:\/\/www.nursanmakina.com.tr\/","name":"Nursan Makina & Di\u015fli","description":"Di\u015fli \u00dcretiminde \u00d6nc\u00fc","publisher":{"@id":"https:\/\/www.nursanmakina.com.tr\/#organization"},"alternateName":"Nursan Makina & Di\u015fli","potentialAction":[{"@type":"SearchAction","target":{"@type":"EntryPoint","urlTemplate":"https:\/\/www.nursanmakina.com.tr\/?s={search_term_string}"},"query-input":{"@type":"PropertyValueSpecification","valueRequired":true,"valueName":"search_term_string"}}],"inLanguage":"en-US"},{"@type":"Organization","@id":"https:\/\/www.nursanmakina.com.tr\/#organization","name":"Nursan Makina & Di\u015fli","alternateName":"Nursan Makina & Di\u015fli","url":"https:\/\/www.nursanmakina.com.tr\/","logo":{"@type":"ImageObject","inLanguage":"en-US","@id":"https:\/\/www.nursanmakina.com.tr\/#\/schema\/logo\/image\/","url":"https:\/\/www.nursanmakina.com.tr\/wp-content\/uploads\/2025\/08\/nursan-makine-logo.png","contentUrl":"https:\/\/www.nursanmakina.com.tr\/wp-content\/uploads\/2025\/08\/nursan-makine-logo.png","width":210,"height":141,"caption":"Nursan Makina & Di\u015fli"},"image":{"@id":"https:\/\/www.nursanmakina.com.tr\/#\/schema\/logo\/image\/"},"sameAs":["https:\/\/www.facebook.com\/nursandisli","https:\/\/www.instagram.com\/nursandisli\/"]}]}},"_links":{"self":[{"href":"https:\/\/www.nursanmakina.com.tr\/en\/wp-json\/wp\/v2\/pages\/388","targetHints":{"allow":["GET"]}}],"collection":[{"href":"https:\/\/www.nursanmakina.com.tr\/en\/wp-json\/wp\/v2\/pages"}],"about":[{"href":"https:\/\/www.nursanmakina.com.tr\/en\/wp-json\/wp\/v2\/types\/page"}],"author":[{"embeddable":true,"href":"https:\/\/www.nursanmakina.com.tr\/en\/wp-json\/wp\/v2\/users\/1"}],"replies":[{"embeddable":true,"href":"https:\/\/www.nursanmakina.com.tr\/en\/wp-json\/wp\/v2\/comments?post=388"}],"version-history":[{"count":39,"href":"https:\/\/www.nursanmakina.com.tr\/en\/wp-json\/wp\/v2\/pages\/388\/revisions"}],"predecessor-version":[{"id":2008,"href":"https:\/\/www.nursanmakina.com.tr\/en\/wp-json\/wp\/v2\/pages\/388\/revisions\/2008"}],"wp:attachment":[{"href":"https:\/\/www.nursanmakina.com.tr\/en\/wp-json\/wp\/v2\/media?parent=388"}],"curies":[{"name":"wp","href":"https:\/\/api.w.org\/{rel}","templated":true}]}}