{"id":1714,"date":"2025-08-25T11:43:26","date_gmt":"2025-08-25T08:43:26","guid":{"rendered":"https:\/\/nursanmakina.com.tr\/?page_id=1714"},"modified":"2025-08-25T11:50:09","modified_gmt":"2025-08-25T08:50:09","slug":"kisisel-verilerin-korunmasi-kanunu","status":"publish","type":"page","link":"https:\/\/www.nursanmakina.com.tr\/en\/kisisel-verilerin-korunmasi-kanunu\/","title":{"rendered":"Ki\u015fisel Verilerin Korunmas\u0131 Kanunu"},"content":{"rendered":"<div class=\"wpb-content-wrapper\"><div      class=\"vc_row wpb_row section vc_row-fluid  vc_custom_1755349575347 grid_section\" style=' padding-top:30px; padding-bottom:50px; text-align:left;'><div class=\"section_inner clearfix\"><div class='section_inner_margin clearfix'><div class=\"wpb_column vc_column_container vc_col-sm-12\"><div class=\"vc_column-inner\"><div class=\"wpb_wrapper\">\n\t<div class=\"wpb_text_column wpb_content_element\">\n\t\t<div class=\"wpb_wrapper\">\n\t\t\t<h3>KVKK Ayd\u0131nlatma Metni<\/h3>\n<p>Bu Bilgilendirme ve Ayd\u0131nlatma Formu, 6698 say\u0131l\u0131 Ki\u015fisel Verilerin Korunmas\u0131 Kanunu (\u201cKVK Kanun\u201d) ile d\u00fczenlenen ger\u00e7ek ki\u015filerin \u201cKi\u015fisel Verilerinin\u201d i\u015flenmesi ve aktar\u0131lmas\u0131 kapsam\u0131nda haz\u0131rlanm\u0131\u015ft\u0131r. 6698 Say\u0131l\u0131 Kanun kapsam\u0131nda, \u015firketimiz ile payla\u015fm\u0131\u015f oldu\u011funuz taraf\u0131n\u0131za ait her t\u00fcrl\u00fc g\u00fcncel bilgi \u201cKi\u015fisel Veri\u201d olarak kabul edilecektir.<\/p>\n<p>&nbsp;<\/p>\n<p>Sizlere ait ki\u015fisel verilerin g\u00fcvenli\u011fi bizler i\u00e7in b\u00fcy\u00fck \u00f6nem ta\u015f\u0131makta olup, ki\u015fisel verileriniz mevzuat\u0131n \u00f6ng\u00f6rd\u00fc\u011f\u00fc \u015fartlara uygun olarak, m\u00fcmk\u00fcn olan en g\u00fcvenli \u015fekilde ve hukuki y\u00fck\u00fcml\u00fcl\u00fcklerin gerektirdi\u011fi s\u00fcreyle, mevzuata uygun ko\u015fullarda saklanacakt\u0131r.<\/p>\n<p>&nbsp;<\/p>\n<h3>Veri Sorumlusu ve Temsilcisi<\/h3>\n<p>6698 say\u0131l\u0131 Ki\u015fisel Verilerin Korunmas\u0131 Kanunu (\u201cKVK Kanun\u201d) uyar\u0131nca ki\u015fisel verileriniz; \u201cVeri Sorumlusu\u201d olarak NURSAN D\u0130\u015eL\u0130 (\u201cNURSAN D\u0130\u015eL\u0130\u201d) taraf\u0131ndan a\u015fa\u011f\u0131da a\u00e7\u0131klananlar kapsam\u0131nda i\u015flenebilecektir.<\/p>\n<p>&nbsp;<\/p>\n<h3>Ki\u015fisel Verilerinizin Hangi Ama\u00e7la \u0130\u015flenebilece\u011fi<\/h3>\n<p>Toplanan ki\u015fisel verileriniz, \u015firketimiz ve \u015firketimiz ile i\u015f ili\u015fkisi i\u00e7erisinde olan ger\u00e7ek ve t\u00fczel ki\u015filerin y\u00fck\u00fcml\u00fcl\u00fcklerinin ifas\u0131, g\u00fcncellemeler ile ilgili bilgilendirme yapabilmek, sizlerle yap\u0131lacak s\u00f6zle\u015fmelerin kurulmas\u0131 ve ifa edilmesi ile kanuni y\u00fck\u00fcml\u00fcl\u00fcklerin hat\u0131rlat\u0131lmas\u0131 ve yerine getirilmesi, \u00e7e\u015fitli reklam ve pazarlama faaliyetlerinde bulunmak, anket ve oylamalar ile g\u00f6r\u00fc\u015f\u00fcn\u00fcz\u00fcn al\u0131nmas\u0131, sizler i\u00e7in uygun \u00fcr\u00fcn, proje ve hizmetlerin belirlenmesi, bunlar\u0131n size \u00f6zel hale getirilmesi ve geli\u015ftirilmesi, etkin bir m\u00fc\u015fteri hizmeti sunulmas\u0131, mevzuatta, \u015firket i\u00e7i politikalarda sizi ilgilendiren de\u011fi\u015fikliklerin bildirilmesi veya sizi ilgilendiren di\u011fer bildirimlerin yap\u0131lmas\u0131, do\u011fum g\u00fcn\u00fc kutlamas\u0131, \u00e7ekili\u015f veya yar\u0131\u015fmalara dahil edilme, hediye verilmesi ve sizin lehinize olan benzeri di\u011fer etkinlik, promosyon ve kampanyalar\u0131n ger\u00e7ekle\u015ftirilmesi, sizleri elektronik posta, SMS ve faks ile bilgilendirmek, kampanyalardan haberdar etmek, taraf\u0131n\u0131za bas\u0131l\u0131 b\u00fcltenler, dergiler, kampanyalara dair yaz\u0131lar g\u00f6ndermek, ziyaret\u00e7i profillerimizi belirlemek, istek, talep ve \u015fikayetleri de\u011ferlendirmek ve \u015firketimizin insan kaynaklar\u0131 politikalar\u0131n\u0131n y\u00fcr\u00fct\u00fclmesi, sizlerden gelen talep ve sorular\u0131n cevaplanmas\u0131 amac\u0131 ile 6698 say\u0131l\u0131 Kanun\u2019un 5. ve 6. maddelerinde belirtilen ki\u015fisel veri i\u015fleme \u015fartlar\u0131 ve ama\u00e7lar\u0131 dahilinde i\u015flenebilecektir.<\/p>\n<p>&nbsp;<\/p>\n<h3>\u0130\u015flenen Ki\u015fisel Verilerin Kimlere ve Hangi Ama\u00e7la Aktar\u0131labilece\u011fi<\/h3>\n<p>Toplanan ki\u015fisel verileriniz; hukuka ve d\u00fcr\u00fcstl\u00fck kurallar\u0131na uygun, do\u011fru ve gerekti\u011finde g\u00fcncel, belirli, a\u00e7\u0131k ve me\u015fru ama\u00e7lar i\u00e7in i\u015flenen, i\u015flendikleri ama\u00e7la ba\u011flant\u0131l\u0131, s\u0131n\u0131rl\u0131 ve \u00f6l\u00e7\u00fcl\u00fc, ilgili mevzuatta \u00f6ng\u00f6r\u00fclen veya i\u015flendikleri ama\u00e7 i\u00e7in gerekli olan s\u00fcre kadar muhafaza edilme ilkelerine uygun olarak i\u015flenir. Ayr\u0131ca, KVK Kanunu\u2019nun 8 ve 9\u2019uncu maddelerinde \u00f6ng\u00f6r\u00fclen \u015fartlara uymak ve gerekli g\u00fcvenlik \u00f6nlemlerini almak kayd\u0131yla, i\u015fbu bildirimin (b) maddesi ba\u015fl\u0131\u011f\u0131 alt\u0131nda say\u0131lan ama\u00e7larla s\u0131n\u0131rl\u0131 olarak, dolayl\u0131\/do\u011frudan yurti\u00e7i\/yurtd\u0131\u015f\u0131 i\u015ftiraklerimiz ya da ba\u011fl\u0131 ortakl\u0131klar\u0131m\u0131z, \u015firketimizce hizmet\/destek\/dan\u0131\u015fmanl\u0131k al\u0131nan ya da i\u015fbirli\u011fi yap\u0131lan ya da proje\/program\/finansman orta\u011f\u0131 olunan yurti\u00e7i\/yurtd\u0131\u015f\u0131\/uluslararas\u0131, kamu\/\u00f6zel kurum ve kurulu\u015flar, \u015firketler ve sair 3. ki\u015fi ya da kurulu\u015flara, \u015firketimizin ba\u011fl\u0131 \u015firketleri, dan\u0131\u015fmanlar\u0131, hissedarlar\u0131 ya da \u00e7\u00f6z\u00fcm ortaklar\u0131 di\u011fer grup \u015firketlerine, Merkezi Kay\u0131t Kurulu\u015fu ve di\u011fer yetkili kurum ve kurulu\u015flara, tedarik\u00e7ilerine veya alt y\u00fcklenicilerine aktarabilir. Nursan Di\u015fli, ki\u015fisel verilerinizi, gerekli g\u00fcvenlik \u00f6nlemlerini almak kayd\u0131yla T\u00fcrkiye i\u00e7inde veya d\u0131\u015f\u0131nda bulunan sunucularda veya di\u011fer elektronik ortamlarda i\u015fleyip saklayabilir.<\/p>\n<p>&nbsp;<\/p>\n<h3>Ki\u015fisel Verilerinizin Toplanma Y\u00f6ntemi Ve Hukuki Sebebi<\/h3>\n<p>Ki\u015fisel verileriniz, \u015eirketimiz taraf\u0131ndan farkl\u0131 kanallardan (Nu\u0131rsan Di\u015fli&#8217;nin merkezi, \u015fubeleri, acenteleri, sat\u0131\u015f ofisleri veya di\u011fer alt y\u00fcklenicileri veya i\u015f ortaklar\u0131 ile ileti\u015fime ge\u00e7ebilece\u011finiz ofis ve di\u011fer fiziki ortamlar, \u00e7a\u011fr\u0131 merkezleri, internet siteleri, mobil uygulamalar ve benzeri elektronik i\u015flem platformlar\u0131, sosyal medya veya di\u011fer kamuya a\u00e7\u0131k mecralar arac\u0131l\u0131\u011f\u0131yla, d\u00fczenleyecekleri e\u011fitim, konferans ve benzeri ortamlara kat\u0131lman\u0131zla, tahkikat y\u00f6ntemiyle veya di\u011fer grup \u015firketleri veya anla\u015fmal\u0131 olduklar\u0131 di\u011fer ki\u015fi ve kurulu\u015flar kanal\u0131yla yaz\u0131l\u0131, s\u00f6zl\u00fc, ses veya g\u00f6r\u00fcnt\u00fc kayd\u0131 veya di\u011fer fiziksel veya elektronik ortamda vb. ) elde edilebilir.<\/p>\n<p>&nbsp;<\/p>\n<p>Ki\u015fisel verileriniz KVK Kanunu\u2019nun 5. ve 6. maddelerinde belirtilen ki\u015fisel veri i\u015fleme \u015fartlar\u0131 ve ama\u00e7lar\u0131 kapsam\u0131nda bu metnin (b) ve (c) maddelerinde belirtilen ama\u00e7larla toplanabilecek, i\u015flenebilecek, aktar\u0131labilecek ve saklanabilecektir. Ki\u015fisel Verileriniz, hukuki y\u00fck\u00fcml\u00fcl\u00fcklerin gerektirdi\u011fi s\u00fcreyle ya da ilgili mevzuatta izin verilen s\u00fcreyle mevzuata uygun ko\u015fullarda saklanmaktad\u0131r.<\/p>\n<p>&nbsp;<\/p>\n<h3>Ki\u015fisel Veri Sahibi Olarak Haklar\u0131n\u0131z<\/h3>\n<p>Ki\u015fisel veri sahipleri olarak, haklar\u0131n\u0131za ili\u015fkin taleplerinizi, a\u015fa\u011f\u0131da d\u00fczenlenen y\u00f6ntemlerle \u015eirketimize iletmeniz durumunda, \u015eirketimiz talebinizi niteli\u011fine g\u00f6re en k\u0131sa s\u00fcrede ve en ge\u00e7 otuz g\u00fcn i\u00e7inde \u00fccretsiz olarak sonu\u00e7land\u0131racakt\u0131r. Ancak, Ki\u015fisel Verileri Koruma Kurulunca bir \u00fccret \u00f6ng\u00f6r\u00fclmesi halinde, \u015eirketimiz taraf\u0131ndan belirlenen tarifedeki \u00fccret al\u0131nacakt\u0131r. Bu kapsamda ki\u015fisel veri sahipleri;<\/p>\n<p>&nbsp;<\/p>\n<ul>\n<li>Ki\u015fisel veri i\u015flenip i\u015flenmedi\u011fini \u00f6\u011frenme,<\/li>\n<li>Ki\u015fisel verileri i\u015flenmi\u015fse buna ili\u015fkin bilgi talep etme,<\/li>\n<li>Ki\u015fisel verilerin i\u015flenme amac\u0131n\u0131 ve bunlar\u0131n amac\u0131na uygun kullan\u0131l\u0131p kullan\u0131lmad\u0131\u011f\u0131n\u0131 \u00f6\u011frenme,<\/li>\n<li>Yurt i\u00e7inde veya yurt d\u0131\u015f\u0131nda ki\u015fisel verilerin aktar\u0131ld\u0131\u011f\u0131 \u00fc\u00e7\u00fcnc\u00fc ki\u015fileri bilme,<\/li>\n<li>Ki\u015fisel verilerin eksik veya yanl\u0131\u015f i\u015flenmi\u015f olmas\u0131 h\u00e2linde bunlar\u0131n d\u00fczeltilmesini isteme ve bu kapsamda yap\u0131lan i\u015flemin ki\u015fisel verilerin aktar\u0131ld\u0131\u011f\u0131 \u00fc\u00e7\u00fcnc\u00fc ki\u015filere bildirilmesini isteme,<\/li>\n<li>KVK Kanunu\u2019nun ve ilgili di\u011fer kanun h\u00fck\u00fcmlerine uygun olarak i\u015flenmi\u015f olmas\u0131na ra\u011fmen, i\u015flenmesini gerektiren sebeplerin ortadan kalkmas\u0131 h\u00e2linde ki\u015fisel verilerin silinmesini veya yok edilmesini isteme ve bu kapsamda yap\u0131lan i\u015flemin ki\u015fisel verilerin aktar\u0131ld\u0131\u011f\u0131 \u00fc\u00e7\u00fcnc\u00fc ki\u015filere bildirilmesini isteme,<\/li>\n<li>\u0130\u015flenen verilerin m\u00fcnhas\u0131ran otomatik sistemler vas\u0131tas\u0131yla analiz edilmesi suretiyle ki\u015finin kendisi aleyhine bir sonucun ortaya \u00e7\u0131kmas\u0131na itiraz etme,<\/li>\n<li>Ki\u015fisel verilerin kanuna ayk\u0131r\u0131 olarak i\u015flenmesi sebebiyle zarara u\u011framas\u0131 h\u00e2linde zarar\u0131n giderilmesini talep etme haklar\u0131na sahiptir.<\/li>\n<\/ul>\n<p>&nbsp;<\/p>\n<p>KVK Kanunu\u2019nun 13. maddesinin 1. f\u0131kras\u0131 gere\u011fince, yukar\u0131da belirtilen haklar\u0131n\u0131z\u0131 kullanmak ile ilgili talebinizi, yaz\u0131l\u0131 olarak \u015eirketimize iletebilirsiniz. KVK Kanunu\u2019nun 11. maddesinde belirtilen haklardan kullanmay\u0131 talep etti\u011finiz hakk\u0131n\u0131za y\u00f6nelik a\u00e7\u0131klamalar\u0131n\u0131z\u0131 i\u00e7eren talebinizi www.nursandisli.com\/iletisim adresindeki ileti\u015fim formunu doldurarak, M\u00fc\u015fteri \u0130li\u015fkileri Departman\u0131\u2019na iletebilir, ya da yaz\u0131l\u0131 olarak \u201c\u0130kitelli Organize Sanayi B\u00f6lgesi, Metal \u0130\u015f Sanayi Sitesi, 18. Blok No: 20-22, 34306 Ba\u015fak\u015fehir \/ \u0130stanbul\u201d adresine kimli\u011finizi tespit edici belgeler ile bizzat elden iletebilir veya noter kanal\u0131yla g\u00f6nderebilirsiniz.<\/p>\n<p>&nbsp;<\/p>\n<p>\u015eirketimizin KVK Kanunu\u2019nda olabilecek de\u011fi\u015fiklikler ve Ki\u015fisel Verileri Koruma Kurulu taraf\u0131ndan belirlenecek y\u00f6ntemler nedeni ile bu ayd\u0131nlatma bildiriminde de\u011fi\u015fiklik yapma hakk\u0131 sakl\u0131d\u0131r.<\/p>\n\n\t\t<\/div>\n\t<\/div><\/div><\/div><\/div><\/div><\/div><\/div>\n<\/div>","protected":false},"excerpt":{"rendered":"KVKK Ayd\u0131nlatma Metni Bu Bilgilendirme ve Ayd\u0131nlatma Formu, 6698 say\u0131l\u0131 Ki\u015fisel Verilerin Korunmas\u0131 Kanunu (\u201cKVK Kanun\u201d) ile d\u00fczenlenen ger\u00e7ek ki\u015filerin \u201cKi\u015fisel Verilerinin\u201d i\u015flenmesi ve aktar\u0131lmas\u0131 kapsam\u0131nda haz\u0131rlanm\u0131\u015ft\u0131r. 6698 Say\u0131l\u0131 Kanun...","protected":false},"author":1,"featured_media":0,"parent":0,"menu_order":0,"comment_status":"closed","ping_status":"closed","template":"","meta":{"footnotes":""},"class_list":["post-1714","page","type-page","status-publish","hentry"],"yoast_head":"<!-- This site is optimized with the Yoast SEO plugin v25.8 - https:\/\/yoast.com\/wordpress\/plugins\/seo\/ -->\n<title>Ki\u015fisel Verilerin Korunmas\u0131 Kanunu - Nursan Di\u015fli<\/title>\n<meta name=\"robots\" content=\"index, follow, max-snippet:-1, max-image-preview:large, max-video-preview:-1\" \/>\n<link rel=\"canonical\" href=\"https:\/\/www.nursanmakina.com.tr\/en\/kisisel-verilerin-korunmasi-kanunu\/\" \/>\n<meta property=\"og:locale\" content=\"en_US\" \/>\n<meta property=\"og:type\" content=\"article\" \/>\n<meta property=\"og:title\" content=\"Ki\u015fisel Verilerin Korunmas\u0131 Kanunu - Nursan Di\u015fli\" \/>\n<meta property=\"og:url\" content=\"https:\/\/www.nursanmakina.com.tr\/en\/kisisel-verilerin-korunmasi-kanunu\/\" \/>\n<meta property=\"og:site_name\" content=\"Nursan Di\u015fli\" \/>\n<meta property=\"article:publisher\" content=\"https:\/\/www.facebook.com\/nursandisli\" \/>\n<meta property=\"article:modified_time\" content=\"2025-08-25T08:50:09+00:00\" \/>\n<meta property=\"og:image\" content=\"https:\/\/www.nursanmakina.com.tr\/wp-content\/uploads\/2025\/08\/nursan-hakkimizda.jpg\" \/>\n\t<meta property=\"og:image:width\" content=\"633\" \/>\n\t<meta property=\"og:image:height\" content=\"632\" \/>\n\t<meta property=\"og:image:type\" content=\"image\/jpeg\" \/>\n<meta name=\"twitter:card\" content=\"summary_large_image\" \/>\n<meta name=\"twitter:label1\" content=\"Est. reading time\" \/>\n\t<meta name=\"twitter:data1\" content=\"6 minutes\" \/>\n<script type=\"application\/ld+json\" class=\"yoast-schema-graph\">{\"@context\":\"https:\/\/schema.org\",\"@graph\":[{\"@type\":\"WebPage\",\"@id\":\"https:\/\/www.nursanmakina.com.tr\/kisisel-verilerin-korunmasi-kanunu\/\",\"url\":\"https:\/\/www.nursanmakina.com.tr\/kisisel-verilerin-korunmasi-kanunu\/\",\"name\":\"Ki\u015fisel Verilerin Korunmas\u0131 Kanunu - Nursan Di\u015fli\",\"isPartOf\":{\"@id\":\"https:\/\/www.nursanmakina.com.tr\/#website\"},\"datePublished\":\"2025-08-25T08:43:26+00:00\",\"dateModified\":\"2025-08-25T08:50:09+00:00\",\"breadcrumb\":{\"@id\":\"https:\/\/www.nursanmakina.com.tr\/kisisel-verilerin-korunmasi-kanunu\/#breadcrumb\"},\"inLanguage\":\"en-US\",\"potentialAction\":[{\"@type\":\"ReadAction\",\"target\":[\"https:\/\/www.nursanmakina.com.tr\/kisisel-verilerin-korunmasi-kanunu\/\"]}]},{\"@type\":\"BreadcrumbList\",\"@id\":\"https:\/\/www.nursanmakina.com.tr\/kisisel-verilerin-korunmasi-kanunu\/#breadcrumb\",\"itemListElement\":[{\"@type\":\"ListItem\",\"position\":1,\"name\":\"Anasayfa\",\"item\":\"https:\/\/www.nursanmakina.com.tr\/\"},{\"@type\":\"ListItem\",\"position\":2,\"name\":\"Ki\u015fisel Verilerin Korunmas\u0131 Kanunu\"}]},{\"@type\":\"WebSite\",\"@id\":\"https:\/\/www.nursanmakina.com.tr\/#website\",\"url\":\"https:\/\/www.nursanmakina.com.tr\/\",\"name\":\"Nursan Makina & Di\u015fli\",\"description\":\"Di\u015fli \u00dcretiminde \u00d6nc\u00fc\",\"publisher\":{\"@id\":\"https:\/\/www.nursanmakina.com.tr\/#organization\"},\"alternateName\":\"Nursan Makina & Di\u015fli\",\"potentialAction\":[{\"@type\":\"SearchAction\",\"target\":{\"@type\":\"EntryPoint\",\"urlTemplate\":\"https:\/\/www.nursanmakina.com.tr\/?s={search_term_string}\"},\"query-input\":{\"@type\":\"PropertyValueSpecification\",\"valueRequired\":true,\"valueName\":\"search_term_string\"}}],\"inLanguage\":\"en-US\"},{\"@type\":\"Organization\",\"@id\":\"https:\/\/www.nursanmakina.com.tr\/#organization\",\"name\":\"Nursan Makina & Di\u015fli\",\"alternateName\":\"Nursan Makina & Di\u015fli\",\"url\":\"https:\/\/www.nursanmakina.com.tr\/\",\"logo\":{\"@type\":\"ImageObject\",\"inLanguage\":\"en-US\",\"@id\":\"https:\/\/www.nursanmakina.com.tr\/#\/schema\/logo\/image\/\",\"url\":\"https:\/\/www.nursanmakina.com.tr\/wp-content\/uploads\/2025\/08\/nursan-makine-logo.png\",\"contentUrl\":\"https:\/\/www.nursanmakina.com.tr\/wp-content\/uploads\/2025\/08\/nursan-makine-logo.png\",\"width\":210,\"height\":141,\"caption\":\"Nursan Makina & Di\u015fli\"},\"image\":{\"@id\":\"https:\/\/www.nursanmakina.com.tr\/#\/schema\/logo\/image\/\"},\"sameAs\":[\"https:\/\/www.facebook.com\/nursandisli\",\"https:\/\/www.instagram.com\/nursandisli\/\"]}]}<\/script>\n<!-- \/ Yoast SEO plugin. -->","yoast_head_json":{"title":"Ki\u015fisel Verilerin Korunmas\u0131 Kanunu - Nursan Di\u015fli","robots":{"index":"index","follow":"follow","max-snippet":"max-snippet:-1","max-image-preview":"max-image-preview:large","max-video-preview":"max-video-preview:-1"},"canonical":"https:\/\/www.nursanmakina.com.tr\/en\/kisisel-verilerin-korunmasi-kanunu\/","og_locale":"en_US","og_type":"article","og_title":"Ki\u015fisel Verilerin Korunmas\u0131 Kanunu - Nursan Di\u015fli","og_url":"https:\/\/www.nursanmakina.com.tr\/en\/kisisel-verilerin-korunmasi-kanunu\/","og_site_name":"Nursan Di\u015fli","article_publisher":"https:\/\/www.facebook.com\/nursandisli","article_modified_time":"2025-08-25T08:50:09+00:00","og_image":[{"width":633,"height":632,"url":"https:\/\/www.nursanmakina.com.tr\/wp-content\/uploads\/2025\/08\/nursan-hakkimizda.jpg","type":"image\/jpeg"}],"twitter_card":"summary_large_image","twitter_misc":{"Est. reading time":"6 minutes"},"schema":{"@context":"https:\/\/schema.org","@graph":[{"@type":"WebPage","@id":"https:\/\/www.nursanmakina.com.tr\/kisisel-verilerin-korunmasi-kanunu\/","url":"https:\/\/www.nursanmakina.com.tr\/kisisel-verilerin-korunmasi-kanunu\/","name":"Ki\u015fisel Verilerin Korunmas\u0131 Kanunu - Nursan Di\u015fli","isPartOf":{"@id":"https:\/\/www.nursanmakina.com.tr\/#website"},"datePublished":"2025-08-25T08:43:26+00:00","dateModified":"2025-08-25T08:50:09+00:00","breadcrumb":{"@id":"https:\/\/www.nursanmakina.com.tr\/kisisel-verilerin-korunmasi-kanunu\/#breadcrumb"},"inLanguage":"en-US","potentialAction":[{"@type":"ReadAction","target":["https:\/\/www.nursanmakina.com.tr\/kisisel-verilerin-korunmasi-kanunu\/"]}]},{"@type":"BreadcrumbList","@id":"https:\/\/www.nursanmakina.com.tr\/kisisel-verilerin-korunmasi-kanunu\/#breadcrumb","itemListElement":[{"@type":"ListItem","position":1,"name":"Anasayfa","item":"https:\/\/www.nursanmakina.com.tr\/"},{"@type":"ListItem","position":2,"name":"Ki\u015fisel Verilerin Korunmas\u0131 Kanunu"}]},{"@type":"WebSite","@id":"https:\/\/www.nursanmakina.com.tr\/#website","url":"https:\/\/www.nursanmakina.com.tr\/","name":"Nursan Makina & Di\u015fli","description":"Di\u015fli \u00dcretiminde \u00d6nc\u00fc","publisher":{"@id":"https:\/\/www.nursanmakina.com.tr\/#organization"},"alternateName":"Nursan Makina & Di\u015fli","potentialAction":[{"@type":"SearchAction","target":{"@type":"EntryPoint","urlTemplate":"https:\/\/www.nursanmakina.com.tr\/?s={search_term_string}"},"query-input":{"@type":"PropertyValueSpecification","valueRequired":true,"valueName":"search_term_string"}}],"inLanguage":"en-US"},{"@type":"Organization","@id":"https:\/\/www.nursanmakina.com.tr\/#organization","name":"Nursan Makina & Di\u015fli","alternateName":"Nursan Makina & Di\u015fli","url":"https:\/\/www.nursanmakina.com.tr\/","logo":{"@type":"ImageObject","inLanguage":"en-US","@id":"https:\/\/www.nursanmakina.com.tr\/#\/schema\/logo\/image\/","url":"https:\/\/www.nursanmakina.com.tr\/wp-content\/uploads\/2025\/08\/nursan-makine-logo.png","contentUrl":"https:\/\/www.nursanmakina.com.tr\/wp-content\/uploads\/2025\/08\/nursan-makine-logo.png","width":210,"height":141,"caption":"Nursan Makina & Di\u015fli"},"image":{"@id":"https:\/\/www.nursanmakina.com.tr\/#\/schema\/logo\/image\/"},"sameAs":["https:\/\/www.facebook.com\/nursandisli","https:\/\/www.instagram.com\/nursandisli\/"]}]}},"_links":{"self":[{"href":"https:\/\/www.nursanmakina.com.tr\/en\/wp-json\/wp\/v2\/pages\/1714","targetHints":{"allow":["GET"]}}],"collection":[{"href":"https:\/\/www.nursanmakina.com.tr\/en\/wp-json\/wp\/v2\/pages"}],"about":[{"href":"https:\/\/www.nursanmakina.com.tr\/en\/wp-json\/wp\/v2\/types\/page"}],"author":[{"embeddable":true,"href":"https:\/\/www.nursanmakina.com.tr\/en\/wp-json\/wp\/v2\/users\/1"}],"replies":[{"embeddable":true,"href":"https:\/\/www.nursanmakina.com.tr\/en\/wp-json\/wp\/v2\/comments?post=1714"}],"version-history":[{"count":5,"href":"https:\/\/www.nursanmakina.com.tr\/en\/wp-json\/wp\/v2\/pages\/1714\/revisions"}],"predecessor-version":[{"id":1719,"href":"https:\/\/www.nursanmakina.com.tr\/en\/wp-json\/wp\/v2\/pages\/1714\/revisions\/1719"}],"wp:attachment":[{"href":"https:\/\/www.nursanmakina.com.tr\/en\/wp-json\/wp\/v2\/media?parent=1714"}],"curies":[{"name":"wp","href":"https:\/\/api.w.org\/{rel}","templated":true}]}}